{"id":112,"date":"2023-03-28T23:23:42","date_gmt":"2023-03-28T21:23:42","guid":{"rendered":"https:\/\/www.musikschule-allegro.eu\/allegro-grebroi\/?page_id=112"},"modified":"2023-08-24T16:24:49","modified_gmt":"2023-08-24T14:24:49","slug":"kontakt","status":"publish","type":"page","link":"https:\/\/www.musikschule-allegro.eu\/allegro-grebroi\/kontakt\/","title":{"rendered":"Kontakt"},"content":{"rendered":"\t\t<div data-elementor-type=\"wp-page\" data-elementor-id=\"112\" class=\"elementor elementor-112\" data-elementor-post-type=\"page\">\n\t\t\t\t\t\t<section class=\"elementor-section elementor-top-section elementor-element elementor-element-43cbe769 elementor-section-boxed elementor-section-height-default elementor-section-height-default\" data-id=\"43cbe769\" data-element_type=\"section\" data-e-type=\"section\" data-settings=\"{&quot;background_background&quot;:&quot;classic&quot;}\">\n\t\t\t\t\t\t\t<div class=\"elementor-background-overlay\"><\/div>\n\t\t\t\t\t\t\t<div class=\"elementor-container elementor-column-gap-no\">\n\t\t\t\t\t<div class=\"elementor-column elementor-col-100 elementor-top-column elementor-element elementor-element-201e9329\" data-id=\"201e9329\" data-element_type=\"column\" data-e-type=\"column\">\n\t\t\t<div class=\"elementor-widget-wrap elementor-element-populated\">\n\t\t\t\t\t\t<section class=\"elementor-section elementor-inner-section elementor-element elementor-element-4ea87a1b elementor-section-boxed elementor-section-height-default elementor-section-height-default\" data-id=\"4ea87a1b\" data-element_type=\"section\" data-e-type=\"section\">\n\t\t\t\t\t\t<div class=\"elementor-container elementor-column-gap-no\">\n\t\t\t\t\t<div class=\"elementor-column elementor-col-100 elementor-inner-column elementor-element elementor-element-995021b\" data-id=\"995021b\" data-element_type=\"column\" data-e-type=\"column\" data-settings=\"{&quot;background_background&quot;:&quot;classic&quot;}\">\n\t\t\t<div class=\"elementor-widget-wrap elementor-element-populated\">\n\t\t\t\t\t\t<div class=\"elementor-element elementor-element-489e4b53 elementor-widget elementor-widget-heading\" data-id=\"489e4b53\" data-element_type=\"widget\" data-e-type=\"widget\" data-widget_type=\"heading.default\">\n\t\t\t\t<div class=\"elementor-widget-container\">\n\t\t\t\t\t<h2 class=\"elementor-heading-title elementor-size-default\">Kontakt<\/h2>\t\t\t\t<\/div>\n\t\t\t\t<\/div>\n\t\t\t\t<div class=\"elementor-element elementor-element-d5b5596 elementor-widget__width-auto elementor-search-form--skin-classic elementor-search-form--button-type-icon elementor-search-form--icon-search elementor-widget elementor-widget-global elementor-global-1030 elementor-widget-search-form\" data-id=\"d5b5596\" data-element_type=\"widget\" data-e-type=\"widget\" data-settings=\"{&quot;skin&quot;:&quot;classic&quot;}\" data-widget_type=\"search-form.default\">\n\t\t\t\t<div class=\"elementor-widget-container\">\n\t\t\t\t\t\t\t<search role=\"search\">\n\t\t\t<form class=\"elementor-search-form\" action=\"https:\/\/www.musikschule-allegro.eu\/allegro-grebroi\" method=\"get\">\n\t\t\t\t\t\t\t\t\t\t\t\t<div class=\"elementor-search-form__container\">\n\t\t\t\t\t<label class=\"elementor-screen-only\" for=\"elementor-search-form-d5b5596\">Suche<\/label>\n\n\t\t\t\t\t\n\t\t\t\t\t<input id=\"elementor-search-form-d5b5596\" placeholder=\"Suchbegriff...\" class=\"elementor-search-form__input\" type=\"search\" name=\"s\" value=\"\">\n\t\t\t\t\t\n\t\t\t\t\t\t\t\t\t\t\t<button class=\"elementor-search-form__submit\" type=\"submit\" aria-label=\"Suche\">\n\t\t\t\t\t\t\t\t\t\t\t\t\t\t\t<i aria-hidden=\"true\" class=\"fas fa-search\"><\/i>\t\t\t\t\t\t\t\t\t\t\t\t\t<\/button>\n\t\t\t\t\t\n\t\t\t\t\t\t\t\t\t<\/div>\n\t\t\t<\/form>\n\t\t<\/search>\n\t\t\t\t\t\t<\/div>\n\t\t\t\t<\/div>\n\t\t\t\t\t<\/div>\n\t\t<\/div>\n\t\t\t\t\t<\/div>\n\t\t<\/section>\n\t\t\t\t\t<\/div>\n\t\t<\/div>\n\t\t\t\t\t<\/div>\n\t\t<\/section>\n\t\t<div class=\"elementor-element elementor-element-2333298 e-flex e-con-boxed e-con e-parent\" data-id=\"2333298\" data-element_type=\"container\" data-e-type=\"container\">\n\t\t\t\t\t<div class=\"e-con-inner\">\n\t\t\t\t<div class=\"elementor-element elementor-element-f1ef35a elementor-widget elementor-widget-heading\" data-id=\"f1ef35a\" data-element_type=\"widget\" data-e-type=\"widget\" data-widget_type=\"heading.default\">\n\t\t\t\t<div class=\"elementor-widget-container\">\n\t\t\t\t\t<h3 class=\"elementor-heading-title elementor-size-default\">So erreichen Sie uns \u2013  Musikschule Allegro in Grevenbroich<\/h3>\t\t\t\t<\/div>\n\t\t\t\t<\/div>\n\t\t\t\t<div class=\"elementor-element elementor-element-ab7ec12 elementor-widget elementor-widget-text-editor\" data-id=\"ab7ec12\" data-element_type=\"widget\" data-e-type=\"widget\" data-widget_type=\"text-editor.default\">\n\t\t\t\t<div class=\"elementor-widget-container\">\n\t\t\t\t\t\t\t\t\t<table><tbody><tr><td>\u266a Sie erreichen uns telefonisch unter der Rufnummer:<\/td><td><strong>\u260e 02181 \u2013 70 33 980<\/strong><\/td><\/tr><tr><td>\u266b Oder senden Sie uns ein Fax:<\/td><td><strong>\u260f 02181 \u2013 70 33 987<\/strong><\/td><\/tr><tr><td>\u266c Nat\u00fcrlich k\u00f6nnen Sie uns auch eine email schreiben:<\/td><td><a title=\"Schreiben Sie uns eine e-mail und Sie erhalten Informationen \u00fcber Musikunterricht, Preise und kostenlose Probestunde. Wir freuen uns auf Ihren Kontakt!\" href=\"mailto:info@musikschule-grevenbroich.de\">info@musikschule-grevenbroich.de<\/a><\/td><\/tr><tr><td>\u266a Und so finden Sie uns:<\/td><td><strong>Am Hammerwerk 24,<br \/>41515 Grevenbroich<\/strong><\/td><\/tr><\/tbody><\/table>\t\t\t\t\t\t\t\t<\/div>\n\t\t\t\t<\/div>\n\t\t\t\t<div class=\"elementor-element elementor-element-b188970 elementor-widget elementor-widget-text-editor\" data-id=\"b188970\" data-element_type=\"widget\" data-e-type=\"widget\" data-widget_type=\"text-editor.default\">\n\t\t\t\t<div class=\"elementor-widget-container\">\n\t\t\t\t\t\t\t\t\t<p>Selbstverst\u00e4ndlich d\u00fcrfen Sie sich auch pers\u00f6nlich einen ersten Eindruck verschaffen.<\/p><p>Besuchen Sie uns in der Musikschule Allegro in Grevenbroich \u2013 wir freuen uns auf Sie!<\/p>\t\t\t\t\t\t\t\t<\/div>\n\t\t\t\t<\/div>\n\t\t\t\t<div class=\"elementor-element elementor-element-5511475 elementor-widget elementor-widget-heading\" data-id=\"5511475\" data-element_type=\"widget\" data-e-type=\"widget\" data-widget_type=\"heading.default\">\n\t\t\t\t<div class=\"elementor-widget-container\">\n\t\t\t\t\t<h3 class=\"elementor-heading-title elementor-size-default\">Anfahrt<\/h3>\t\t\t\t<\/div>\n\t\t\t\t<\/div>\n\t\t\t\t<div class=\"elementor-element elementor-element-4f64eac elementor-widget elementor-widget-text-editor\" data-id=\"4f64eac\" data-element_type=\"widget\" data-e-type=\"widget\" data-widget_type=\"text-editor.default\">\n\t\t\t\t<div class=\"elementor-widget-container\">\n\t\t\t\t\t\t\t\t\t<h6>Mit dem Auto<\/h6><p>Unser Standort in Grevenbroich verf\u00fcgt \u00fcber eine sehr gute Verkehrsanbindung. Zur Autobahn A46 sowie A540 und die Bundesstra\u00dfe 59 exsistieren direkte Anschl\u00fcsse. Auch die Autobahn A61 und A57 sind in wenigen Minuten erreichbar.<\/p><p>Aus Neuss kommend k\u00f6nnen Sie uns bequem von der Bergheimerstra\u00dfe \u00fcber die L201 (Reuschenberger Stra\u00dfe\/Kapellener Stra\u00dfe) in wenigen Mintuen erreichen.<\/p><p>Das Hammerwerk ist von den Stadt- und Ortsteilen von Grevenbroich in wenigen Minuten einfach mit dem Auto, aber auch mit dem Bus oder Bahnverkehr zu erreichen.<br \/>(Allrath, Barrenstein, Busch, Elsen, Frimmersdorf, F\u00fcrth, Gilverath, Gindorf, Gruissem, Gubisrath, Gustorf, Hemmerden, H\u00fclchrath, Kapellen, Laach, Langwaden, M\u00fchlrath, M\u00fcnchrath, Neuenhausen, Neubr\u00fcck, Neu-Elfgen, Neukirchen, Neurath, Noithausen, Orken, S\u00fcdstadt, T\u00fcschenbroich, Wevelinghoven und Vierwinden )<\/p><p>Entfernungen von den St\u00e4dten J\u00fcchen ( ca. 10 Minuten), Bedburg ( ca. 15 Minuten), Rommerskirchen ( ca. 15 Minuten). Selbstverst\u00e4ndlich sind wir auch von den Einzugsgebieten Neuss ( Reuschenberg, Holzheim , Neukirchen , Weckhoven , Hoisten) leicht zu erreichen.<\/p><p>Verwenden Sie einfach unseren Routenplaner von google maps um Ihren Weg zu uns zu finden!<\/p>\t\t\t\t\t\t\t\t<\/div>\n\t\t\t\t<\/div>\n\t\t\t\t<div class=\"elementor-element elementor-element-b824317 elementor-widget elementor-widget-text-editor\" data-id=\"b824317\" data-element_type=\"widget\" data-e-type=\"widget\" data-widget_type=\"text-editor.default\">\n\t\t\t\t<div class=\"elementor-widget-container\">\n\t\t\t\t\t\t\t\t\t<h6>Mit der Bahn<\/h6><p>RE 8 Rhein-Erft-Express<\/p><p>M\u00f6nchengladbach \u2013 Grevenbroich \u2013 K\u00f6ln \u2013 K\u00f6ln\/Bonn Flughafen \u2013 Linz (Rhein) \u2013 Neuwied \u2013 Koblenz<\/p><p>Haltestelle: Grevenbroich Bf<\/p><p>RB 27 Rhein-Erft-Bahn<\/p><p>M\u00f6nchengladbach \u2013 Grevenbroich \u2013 K\u00f6ln \u2013 Bonn-Beuel \u2013 Linz (Rhein) \u2013 Neuwied \u2013 Koblenz<\/p><p>Haltestelle: Grevenbroich Bf<\/p><p>RB 38 Erft-Bahn<\/p><p>D\u00fcsseldorf \u2013 Neuss \u2013 Neuss Holzheim \u2013 Kapellen-Wevelinghoven \u2013 Grevenbroich Bf \u2013 Grevenbroich (Gustorf und Frimmersdorf) \u2013 Bedburg \u2013 Bergheim \u2013 Horrem \u2013 K\u00f6ln \u2013 K\u00f6ln Messe\/Deutz<\/p><p>Haltestelle: Grevenbroich Bf<\/p>\t\t\t\t\t\t\t\t<\/div>\n\t\t\t\t<\/div>\n\t\t\t\t<div class=\"elementor-element elementor-element-0105f27 elementor-widget elementor-widget-text-editor\" data-id=\"0105f27\" data-element_type=\"widget\" data-e-type=\"widget\" data-widget_type=\"text-editor.default\">\n\t\t\t\t<div class=\"elementor-widget-container\">\n\t\t\t\t\t\t\t\t\t<h6>Mit dem Bus<\/h6><p>Buslinie 892 ( Gindorf \u2013 Grevenbroich Bf \u2013 Evinghoven)<\/p><p>Haltestelle: Am Hammerwerk<\/p><p>Buslinie 891 ( Kapellen Bf \u2013 Grevenbroich Bf )<\/p><p>Haltestellen: Elsen Hans-Sachs-Str.\/ Grev. Merkatorstra\u00dfe \/ Platz d. Deutschen Einheit (ca. 650 m bis zur Musikschule Allegro )<\/p><p>AnfahrtFrau<\/p><p>Buslinie 893 (Kapellen Bf \u2013 Grevenbroich Bf)<\/p><p>Haltestellen Grevenbroich Bf oder Platz d. Deutschen Einheit<\/p><p>Busline 895 (Neuss Stadthalle\/Museum \u2013 Grevenbroich Bf)<\/p><p>Weitere Busverbindungen k\u00f6nnen Sie \u00fcber google maps finden.<\/p>\t\t\t\t\t\t\t\t<\/div>\n\t\t\t\t<\/div>\n\t\t\t\t<div class=\"elementor-element elementor-element-e5d1fb3 elementor-widget elementor-widget-heading\" data-id=\"e5d1fb3\" data-element_type=\"widget\" data-e-type=\"widget\" id=\"kontaktformular\" data-widget_type=\"heading.default\">\n\t\t\t\t<div class=\"elementor-widget-container\">\n\t\t\t\t\t<h3 class=\"elementor-heading-title elementor-size-default\">Kontaktformular<\/h3>\t\t\t\t<\/div>\n\t\t\t\t<\/div>\n\t\t\t\t<div class=\"elementor-element elementor-element-cb4c018 elementor-button-align-end elementor-tablet-button-align-stretch elementor-mobile-button-align-stretch elementor-widget-mobile__width-inherit elementor-widget elementor-widget-form\" data-id=\"cb4c018\" data-element_type=\"widget\" data-e-type=\"widget\" data-settings=\"{&quot;step_next_label&quot;:&quot;N\\u00e4chster&quot;,&quot;step_previous_label&quot;:&quot;Voriger&quot;,&quot;button_width&quot;:&quot;100&quot;,&quot;step_type&quot;:&quot;number_text&quot;,&quot;step_icon_shape&quot;:&quot;circle&quot;}\" data-widget_type=\"form.default\">\n\t\t\t\t<div class=\"elementor-widget-container\">\n\t\t\t\t\t\t\t<form class=\"elementor-form\" method=\"post\" id=\"form_kontakt\" name=\"New Form\" aria-label=\"New Form\">\n\t\t\t<input type=\"hidden\" name=\"post_id\" value=\"112\"\/>\n\t\t\t<input type=\"hidden\" name=\"form_id\" value=\"cb4c018\"\/>\n\t\t\t<input type=\"hidden\" name=\"referer_title\" value=\"\" \/>\n\n\t\t\t\n\t\t\t<div class=\"elementor-form-fields-wrapper elementor-labels-above\">\n\t\t\t\t\t\t\t\t<div class=\"elementor-field-type-text elementor-field-group elementor-column elementor-field-group-name elementor-col-50 elementor-field-required elementor-mark-required\">\n\t\t\t\t\t\t\t\t\t\t\t\t<label for=\"form-field-name\" class=\"elementor-field-label\">\n\t\t\t\t\t\t\t\tIhr Name\t\t\t\t\t\t\t<\/label>\n\t\t\t\t\t\t\t\t\t\t\t\t\t\t<input size=\"1\" type=\"text\" name=\"form_fields[name]\" id=\"form-field-name\" class=\"elementor-field elementor-size-sm  elementor-field-textual\" required=\"required\">\n\t\t\t\t\t\t\t\t\t\t\t<\/div>\n\t\t\t\t\t\t\t\t<div class=\"elementor-field-type-tel elementor-field-group elementor-column elementor-field-group-field_8bb87bb elementor-col-50 elementor-field-required elementor-mark-required\">\n\t\t\t\t\t\t\t\t\t\t\t\t<label for=\"form-field-field_8bb87bb\" class=\"elementor-field-label\">\n\t\t\t\t\t\t\t\tIhre Telefonnummer\t\t\t\t\t\t\t<\/label>\n\t\t\t\t\t\t\t\t<input size=\"1\" type=\"tel\" name=\"form_fields[field_8bb87bb]\" id=\"form-field-field_8bb87bb\" class=\"elementor-field elementor-size-sm  elementor-field-textual\" required=\"required\" pattern=\"[0-9()#&amp;+*-=.]+\" title=\"Nur Nummern oder Telefon-Zeichen (#, -, *, etc) werden akzeptiert.\">\n\n\t\t\t\t\t\t<\/div>\n\t\t\t\t\t\t\t\t<div class=\"elementor-field-type-email elementor-field-group elementor-column elementor-field-group-email elementor-col-100 elementor-field-required elementor-mark-required\">\n\t\t\t\t\t\t\t\t\t\t\t\t<label for=\"form-field-email\" class=\"elementor-field-label\">\n\t\t\t\t\t\t\t\tIhre Email\t\t\t\t\t\t\t<\/label>\n\t\t\t\t\t\t\t\t\t\t\t\t\t\t<input size=\"1\" type=\"email\" name=\"form_fields[email]\" id=\"form-field-email\" class=\"elementor-field elementor-size-sm  elementor-field-textual\" required=\"required\">\n\t\t\t\t\t\t\t\t\t\t\t<\/div>\n\t\t\t\t\t\t\t\t<div class=\"elementor-field-type-select elementor-field-group elementor-column elementor-field-group-field_8c230a3 elementor-col-50 elementor-field-required elementor-mark-required\">\n\t\t\t\t\t\t\t\t\t\t\t\t<label for=\"form-field-field_8c230a3\" class=\"elementor-field-label\">\n\t\t\t\t\t\t\t\tInstrument\t\t\t\t\t\t\t<\/label>\n\t\t\t\t\t\t\t\t<div class=\"elementor-field elementor-select-wrapper remove-before \">\n\t\t\t<div class=\"select-caret-down-wrapper\">\n\t\t\t\t<i aria-hidden=\"true\" class=\"eicon-caret-down\"><\/i>\t\t\t<\/div>\n\t\t\t<select name=\"form_fields[field_8c230a3]\" id=\"form-field-field_8c230a3\" class=\"elementor-field-textual elementor-size-sm\" required=\"required\">\n\t\t\t\t\t\t\t\t\t<option value=\"Keyboard\">Keyboard<\/option>\n\t\t\t\t\t\t\t\t\t<option value=\"Gitarre\">Gitarre<\/option>\n\t\t\t\t\t\t\t\t\t<option value=\"E-Gitarre\">E-Gitarre<\/option>\n\t\t\t\t\t\t\t\t\t<option value=\"Ukulele\">Ukulele<\/option>\n\t\t\t\t\t\t\t\t\t<option value=\"Schlagzeug\">Schlagzeug<\/option>\n\t\t\t\t\t\t\t\t\t<option value=\"Gesang\">Gesang<\/option>\n\t\t\t\t\t\t\t\t\t<option value=\"Violine\">Violine<\/option>\n\t\t\t\t\t\t\t\t\t<option value=\"Viola\">Viola<\/option>\n\t\t\t\t\t\t\t\t\t<option value=\"Cello\">Cello<\/option>\n\t\t\t\t\t\t\t\t\t<option value=\"Blockfl\u00f6te\">Blockfl\u00f6te<\/option>\n\t\t\t\t\t\t\t\t\t<option value=\"Querfl\u00f6te\">Querfl\u00f6te<\/option>\n\t\t\t\t\t\t\t\t\t<option value=\"Musiktheorie\">Musiktheorie<\/option>\n\t\t\t\t\t\t\t\t\t<option value=\"Klavier\">Klavier<\/option>\n\t\t\t\t\t\t\t<\/select>\n\t\t<\/div>\n\t\t\t\t\t\t<\/div>\n\t\t\t\t\t\t\t\t<div class=\"elementor-field-type-checkbox elementor-field-group elementor-column elementor-field-group-field_b5d2fa7 elementor-col-50\">\n\t\t\t\t\t\t\t\t\t\t\t\t<label for=\"form-field-field_b5d2fa7\" class=\"elementor-field-label\">\n\t\t\t\t\t\t\t\tWochentag\t\t\t\t\t\t\t<\/label>\n\t\t\t\t\t\t<div class=\"elementor-field-subgroup  elementor-subgroup-inline\"><span class=\"elementor-field-option\"><input type=\"checkbox\" value=\"Montag\" id=\"form-field-field_b5d2fa7-0\" name=\"form_fields[field_b5d2fa7][]\"> <label for=\"form-field-field_b5d2fa7-0\">Montag<\/label><\/span><span class=\"elementor-field-option\"><input type=\"checkbox\" value=\"Dienstag\" id=\"form-field-field_b5d2fa7-1\" name=\"form_fields[field_b5d2fa7][]\"> <label for=\"form-field-field_b5d2fa7-1\">Dienstag<\/label><\/span><span class=\"elementor-field-option\"><input type=\"checkbox\" value=\"Mittwoch\" id=\"form-field-field_b5d2fa7-2\" name=\"form_fields[field_b5d2fa7][]\"> <label for=\"form-field-field_b5d2fa7-2\">Mittwoch<\/label><\/span><span class=\"elementor-field-option\"><input type=\"checkbox\" value=\"Donnerstag\" id=\"form-field-field_b5d2fa7-3\" name=\"form_fields[field_b5d2fa7][]\"> <label for=\"form-field-field_b5d2fa7-3\">Donnerstag<\/label><\/span><span class=\"elementor-field-option\"><input type=\"checkbox\" value=\"Samstag\" id=\"form-field-field_b5d2fa7-4\" name=\"form_fields[field_b5d2fa7][]\"> <label for=\"form-field-field_b5d2fa7-4\">Samstag<\/label><\/span><\/div>\t\t\t\t<\/div>\n\t\t\t\t\t\t\t\t<div class=\"elementor-field-type-textarea elementor-field-group elementor-column elementor-field-group-message elementor-col-100\">\n\t\t\t\t\t\t\t\t\t\t\t\t<label for=\"form-field-message\" class=\"elementor-field-label\">\n\t\t\t\t\t\t\t\tHaben Sie noch Fragen?\t\t\t\t\t\t\t<\/label>\n\t\t\t\t\t\t<textarea class=\"elementor-field-textual elementor-field  elementor-size-sm\" name=\"form_fields[message]\" id=\"form-field-message\" rows=\"3\"><\/textarea>\t\t\t\t<\/div>\n\t\t\t\t\t\t\t\t<div class=\"elementor-field-type-acceptance elementor-field-group elementor-column elementor-field-group-field_4c929b4 elementor-col-100 elementor-field-required elementor-mark-required\">\n\t\t\t\t\t\t\t<div class=\"elementor-field-subgroup\">\n\t\t\t<span class=\"elementor-field-option\">\n\t\t\t\t<input type=\"checkbox\" name=\"form_fields[field_4c929b4]\" id=\"form-field-field_4c929b4\" class=\"elementor-field elementor-size-sm  elementor-acceptance-field\" required=\"required\">\n\t\t\t\t<label for=\"form-field-field_4c929b4\">Ich best\u00e4tige , die  <a href=\"https:\/\/www.musikschule-allegro.eu\/allegro-grebroi\/datenschutz\/\"> Datenschutzerkl\u00e4rung <\/a>  zur Kenntnis genommen zu haben und stimme zu, dass sie meine Angaben und Daten zur Beantwortung meiner Anfrage elektronisch erheben und speichern werden.<\/label>\t\t\t<\/span>\n\t\t<\/div>\n\t\t\t\t\t\t<\/div>\n\t\t\t\t\t\t\t\t<div class=\"elementor-field-group elementor-column elementor-field-type-submit elementor-col-100 e-form__buttons\">\n\t\t\t\t\t<button class=\"elementor-button elementor-size-sm elementor-animation-float\" type=\"submit\">\n\t\t\t\t\t\t<span class=\"elementor-button-content-wrapper\">\n\t\t\t\t\t\t\t\t\t\t\t\t\t\t\t<span class=\"elementor-button-icon\">\n\t\t\t\t\t\t\t\t\t<i aria-hidden=\"true\" class=\"fas fa-arrow-right\"><\/i>\t\t\t\t\t\t\t\t\t\t\t\t\t\t\t\t\t<\/span>\n\t\t\t\t\t\t\t\t\t\t\t\t\t\t\t\t\t\t\t\t\t\t<span class=\"elementor-button-text\">Absenden<\/span>\n\t\t\t\t\t\t\t\t\t\t\t\t\t<\/span>\n\t\t\t\t\t<\/button>\n\t\t\t\t<\/div>\n\t\t\t<\/div>\n\t\t<\/form>\n\t\t\t\t\t\t<\/div>\n\t\t\t\t<\/div>\n\t\t\t\t<div class=\"elementor-element elementor-element-f576e58 elementor-widget elementor-widget-heading\" data-id=\"f576e58\" data-element_type=\"widget\" data-e-type=\"widget\" id=\"lage\" data-widget_type=\"heading.default\">\n\t\t\t\t<div class=\"elementor-widget-container\">\n\t\t\t\t\t<h3 class=\"elementor-heading-title elementor-size-default\">Lage<\/h3>\t\t\t\t<\/div>\n\t\t\t\t<\/div>\n\t\t\t\t<div class=\"elementor-element elementor-element-7f959be elementor-widget elementor-widget-image\" data-id=\"7f959be\" data-element_type=\"widget\" data-e-type=\"widget\" data-widget_type=\"image.default\">\n\t\t\t\t<div class=\"elementor-widget-container\">\n\t\t\t\t\t\t\t\t\t\t\t\t\t\t\t\t<a href=\"https:\/\/www.musikschule-allegro.eu\/allegro-grebroi\/wp-content\/uploads\/2023\/05\/lage-musikschule-allegro.png\" data-elementor-open-lightbox=\"yes\" data-elementor-lightbox-title=\"lage-musikschule-allegro\" data-e-action-hash=\"#elementor-action%3Aaction%3Dlightbox%26settings%3DeyJpZCI6NzAwLCJ1cmwiOiJodHRwczpcL1wvd3d3Lm11c2lrc2NodWxlLWFsbGVncm8uZXVcL2FsbGVncm8tZ3JlYnJvaVwvd3AtY29udGVudFwvdXBsb2Fkc1wvMjAyM1wvMDVcL2xhZ2UtbXVzaWtzY2h1bGUtYWxsZWdyby5wbmcifQ%3D%3D\">\n\t\t\t\t\t\t\t<img fetchpriority=\"high\" decoding=\"async\" width=\"1821\" height=\"1270\" src=\"https:\/\/www.musikschule-allegro.eu\/allegro-grebroi\/wp-content\/uploads\/2023\/05\/lage-musikschule-allegro.png\" class=\"attachment-full size-full wp-image-700\" alt=\"Lageplan der Musikschule Allegro in Grevenbroich\" srcset=\"https:\/\/www.musikschule-allegro.eu\/allegro-grebroi\/wp-content\/uploads\/2023\/05\/lage-musikschule-allegro.png 1821w, https:\/\/www.musikschule-allegro.eu\/allegro-grebroi\/wp-content\/uploads\/2023\/05\/lage-musikschule-allegro-300x209.png 300w, https:\/\/www.musikschule-allegro.eu\/allegro-grebroi\/wp-content\/uploads\/2023\/05\/lage-musikschule-allegro-1024x714.png 1024w, https:\/\/www.musikschule-allegro.eu\/allegro-grebroi\/wp-content\/uploads\/2023\/05\/lage-musikschule-allegro-768x536.png 768w, https:\/\/www.musikschule-allegro.eu\/allegro-grebroi\/wp-content\/uploads\/2023\/05\/lage-musikschule-allegro-1536x1071.png 1536w\" sizes=\"(max-width: 1821px) 100vw, 1821px\" \/>\t\t\t\t\t\t\t\t<\/a>\n\t\t\t\t\t\t\t\t\t\t\t\t\t\t\t<\/div>\n\t\t\t\t<\/div>\n\t\t\t\t\t<\/div>\n\t\t\t\t<\/div>\n\t\t\t\t<\/div>\n\t\t","protected":false},"excerpt":{"rendered":"<p>Kontakt So erreichen Sie uns \u2013 Musikschule Allegro in Grevenbroich \u266a Sie erreichen uns telefonisch unter der Rufnummer: \u260e 02181 \u2013 70 33 980 \u266b Oder senden Sie uns ein Fax: \u260f 02181 \u2013 70 33 987 \u266c Nat\u00fcrlich k\u00f6nnen Sie uns auch eine email schreiben: info@musikschule-grevenbroich.de \u266a Und so finden Sie uns: Am Hammerwerk [&hellip;]<\/p>\n","protected":false},"author":1,"featured_media":0,"parent":0,"menu_order":0,"comment_status":"closed","ping_status":"closed","template":"elementor_theme","meta":{"footnotes":""},"class_list":["post-112","page","type-page","status-publish","hentry"],"_links":{"self":[{"href":"https:\/\/www.musikschule-allegro.eu\/allegro-grebroi\/wp-json\/wp\/v2\/pages\/112","targetHints":{"allow":["GET"]}}],"collection":[{"href":"https:\/\/www.musikschule-allegro.eu\/allegro-grebroi\/wp-json\/wp\/v2\/pages"}],"about":[{"href":"https:\/\/www.musikschule-allegro.eu\/allegro-grebroi\/wp-json\/wp\/v2\/types\/page"}],"author":[{"embeddable":true,"href":"https:\/\/www.musikschule-allegro.eu\/allegro-grebroi\/wp-json\/wp\/v2\/users\/1"}],"replies":[{"embeddable":true,"href":"https:\/\/www.musikschule-allegro.eu\/allegro-grebroi\/wp-json\/wp\/v2\/comments?post=112"}],"version-history":[{"count":5,"href":"https:\/\/www.musikschule-allegro.eu\/allegro-grebroi\/wp-json\/wp\/v2\/pages\/112\/revisions"}],"predecessor-version":[{"id":2062,"href":"https:\/\/www.musikschule-allegro.eu\/allegro-grebroi\/wp-json\/wp\/v2\/pages\/112\/revisions\/2062"}],"wp:attachment":[{"href":"https:\/\/www.musikschule-allegro.eu\/allegro-grebroi\/wp-json\/wp\/v2\/media?parent=112"}],"curies":[{"name":"wp","href":"https:\/\/api.w.org\/{rel}","templated":true}]}}